{"id":2298,"date":"2022-05-04T16:00:16","date_gmt":"2022-05-04T19:00:16","guid":{"rendered":"https:\/\/escolas.derosemeditation.com\/?page_id=2298"},"modified":"2023-04-06T16:42:06","modified_gmt":"2023-04-06T19:42:06","slug":"nossa-escola","status":"publish","type":"page","link":"https:\/\/derosetrindade.com.br\/en\/nossa-escola\/","title":{"rendered":"Nossa Escola"},"content":{"rendered":"<div data-elementor-type=\"wp-page\" data-elementor-id=\"2298\" class=\"elementor elementor-2298\">\n\t\t\t\t\t\t<section class=\"elementor-section elementor-top-section elementor-element elementor-element-788fce1 elementor-section-full_width elementor-section-height-default elementor-section-height-default\" data-id=\"788fce1\" data-element_type=\"section\" data-e-type=\"section\">\n\t\t\t\t\t\t<div class=\"elementor-container elementor-column-gap-default\">\n\t\t\t\t\t<div class=\"elementor-column elementor-col-50 elementor-top-column elementor-element elementor-element-e682e16\" data-id=\"e682e16\" data-element_type=\"column\" data-e-type=\"column\" data-settings=\"{&quot;background_background&quot;:&quot;classic&quot;}\">\n\t\t\t<div class=\"elementor-widget-wrap elementor-element-populated\">\n\t\t\t\t\t\t<div class=\"elementor-element elementor-element-18af2d5 elementor-widget elementor-widget-spacer\" data-id=\"18af2d5\" data-element_type=\"widget\" data-e-type=\"widget\" data-widget_type=\"spacer.default\">\n\t\t\t\t<div class=\"elementor-widget-container\">\n\t\t\t\t\t\t\t<div class=\"elementor-spacer\">\n\t\t\t<div class=\"elementor-spacer-inner\"><\/div>\n\t\t<\/div>\n\t\t\t\t\t\t<\/div>\n\t\t\t\t<\/div>\n\t\t\t\t\t<\/div>\n\t\t<\/div>\n\t\t\t\t<div class=\"elementor-column elementor-col-50 elementor-top-column elementor-element elementor-element-9cb1ce0\" data-id=\"9cb1ce0\" data-element_type=\"column\" data-e-type=\"column\">\n\t\t\t<div class=\"elementor-widget-wrap elementor-element-populated\">\n\t\t\t\t\t\t<div class=\"elementor-element elementor-element-8bdaa72 elementor-widget elementor-widget-heading\" data-id=\"8bdaa72\" data-element_type=\"widget\" data-e-type=\"widget\" data-widget_type=\"heading.default\">\n\t\t\t\t<div class=\"elementor-widget-container\">\n\t\t\t\t\t<h2 class=\"elementor-heading-title elementor-size-default\">Nossa escola<\/h2>\t\t\t\t<\/div>\n\t\t\t\t<\/div>\n\t\t\t\t<div class=\"elementor-element elementor-element-4a3b6bc elementor-widget-divider--view-line elementor-widget elementor-widget-divider\" data-id=\"4a3b6bc\" data-element_type=\"widget\" data-e-type=\"widget\" data-widget_type=\"divider.default\">\n\t\t\t\t<div class=\"elementor-widget-container\">\n\t\t\t\t\t\t\t<div class=\"elementor-divider\">\n\t\t\t<span class=\"elementor-divider-separator\">\n\t\t\t\t\t\t<\/span>\n\t\t<\/div>\n\t\t\t\t\t\t<\/div>\n\t\t\t\t<\/div>\n\t\t\t\t<div class=\"elementor-element elementor-element-6fe73d9 elementor-widget elementor-widget-text-editor\" data-id=\"6fe73d9\" data-element_type=\"widget\" data-e-type=\"widget\" data-widget_type=\"text-editor.default\">\n\t\t\t\t<div class=\"elementor-widget-container\">\n\t\t\t\t\t\t\t\t\t<p dir=\"ltr\" style=\"line-height: 1.38; background-color: #ffffff; margin-top: 0pt; margin-bottom: 0pt; padding: 0pt 0pt 11pt 0pt;\"><span style=\"font-size: 11pt; font-family: Arial; color: #000000; background-color: transparent; font-weight: 400; font-style: normal; font-variant: normal; text-decoration: none; vertical-align: baseline; white-space: pre-wrap;\">H\u00e1 mais de 20 anos nosso prop\u00f3sito \u00e9 facilitar o desenvolvimento pessoal e a felicidade em pessoas que desejam o amplo sucesso na vida, atrav\u00e9s de ferramentas poderosas para ativar o corpo, o cora\u00e7\u00e3o e a mente de nossos alunos, sempre preservando um clima descontra\u00eddo e acolhedor.<\/span><\/p><p dir=\"ltr\" style=\"line-height: 1.38; background-color: #ffffff; margin-top: 0pt; margin-bottom: 0pt; padding: 0pt 0pt 11pt 0pt;\"><span style=\"font-size: 11pt; font-family: Arial; color: #000000; background-color: transparent; font-weight: 400; font-style: normal; font-variant: normal; text-decoration: none; vertical-align: baseline; white-space: pre-wrap;\">Cultivamos um ambiente onde voc\u00ea poder\u00e1 participar de aulas pr\u00e1ticas, tanto em grupo quanto com personal trainer, al\u00e9m de participar de workshops e cursos visando um estilo de vida que valoriza a vitalidade do corpo, o bem-estar, a produtividade saud\u00e1vel e a sua felicidade, que afinal \u00e9 o objetivo por tr\u00e1s de todos os objetivos.<\/span><\/p><p dir=\"ltr\" style=\"line-height: 1.38; background-color: #ffffff; margin-top: 0pt; margin-bottom: 0pt; padding: 0pt 0pt 11pt 0pt;\"><span style=\"font-size: 11pt; font-family: Arial; color: #000000; background-color: transparent; font-weight: 400; font-style: normal; font-variant: normal; text-decoration: none; vertical-align: baseline; white-space: pre-wrap;\">A excelente localiza\u00e7\u00e3o e o ambiente acolhedor criam condi\u00e7\u00f5es mais adequadas ao aperfei\u00e7oamento do praticante naquele clima de amizade e companheirismo que logo contagia os participantes.\u00a0<\/span><\/p><p dir=\"ltr\" style=\"line-height: 1.38; background-color: #ffffff; margin-top: 0pt; margin-bottom: 11pt;\"><span style=\"font-size: 11pt; font-family: Arial; color: #000000; background-color: transparent; font-weight: 400; font-style: normal; font-variant: normal; text-decoration: none; vertical-align: baseline; white-space: pre-wrap;\">Estamos ligados a centenas de escolas independentes que adotam o DeRose Method em v\u00e1rios estados do Brasil e mais de dez outros pa\u00edses nas am\u00e9ricas e na europa. Por isso, se voc\u00ea estiver inscrito em nossa escola ou qualquer uma das escolas credenciadas, ter\u00e1 o direito de frequentar v\u00e1rias outras quando estiver em viagem.<\/span><\/p>\t\t\t\t\t\t\t\t<\/div>\n\t\t\t\t<\/div>\n\t\t\t\t\t<\/div>\n\t\t<\/div>\n\t\t\t\t\t<\/div>\n\t\t<\/section>\n\t\t\t\t<section class=\"elementor-section elementor-top-section elementor-element elementor-element-de5e7f4 elementor-section-full_width elementor-section-height-default elementor-section-height-default\" data-id=\"de5e7f4\" data-element_type=\"section\" data-e-type=\"section\">\n\t\t\t\t\t\t<div class=\"elementor-container elementor-column-gap-no\">\n\t\t\t\t\t<div class=\"elementor-column elementor-col-100 elementor-top-column elementor-element elementor-element-c9b330f\" data-id=\"c9b330f\" data-element_type=\"column\" data-e-type=\"column\">\n\t\t\t<div class=\"elementor-widget-wrap elementor-element-populated\">\n\t\t\t\t\t\t<div class=\"elementor-element elementor-element-7d5a00d elementor-arrows-position-inside elementor-pagination-position-outside elementor-widget elementor-widget-image-carousel\" data-id=\"7d5a00d\" data-element_type=\"widget\" data-e-type=\"widget\" data-settings=\"{&quot;slides_to_show&quot;:&quot;6&quot;,&quot;slides_to_scroll&quot;:&quot;6&quot;,&quot;navigation&quot;:&quot;both&quot;,&quot;autoplay&quot;:&quot;yes&quot;,&quot;pause_on_hover&quot;:&quot;yes&quot;,&quot;pause_on_interaction&quot;:&quot;yes&quot;,&quot;autoplay_speed&quot;:5000,&quot;infinite&quot;:&quot;yes&quot;,&quot;speed&quot;:500}\" data-widget_type=\"image-carousel.default\">\n\t\t\t\t<div class=\"elementor-widget-container\">\n\t\t\t\t\t\t\t<div class=\"elementor-image-carousel-wrapper swiper\" role=\"region\" aria-roledescription=\"carousel\" aria-label=\"Carrossel de imagem\" dir=\"ltr\">\n\t\t\t<div class=\"elementor-image-carousel swiper-wrapper\" aria-live=\"off\">\n\t\t\t\t\t\t\t\t<div class=\"swiper-slide\" role=\"group\" aria-roledescription=\"slide\" aria-label=\"1 de 10\"><a data-elementor-open-lightbox=\"yes\" data-elementor-lightbox-slideshow=\"7d5a00d\" data-elementor-lightbox-title=\"fachada derose trindade\" data-e-action-hash=\"#elementor-action%3Aaction%3Dlightbox%26settings%3DeyJpZCI6MjgxMCwidXJsIjoiaHR0cHM6XC9cL2Rlcm9zZXRyaW5kYWRlLmNvbS5iclwvd3AtY29udGVudFwvdXBsb2Fkc1wvMjAyM1wvMDRcL0lNR18wODQ4LXNjYWxlZC5qcGciLCJzbGlkZXNob3ciOiI3ZDVhMDBkIn0%3D\" href=\"https:\/\/derosetrindade.com.br\/wp-content\/uploads\/2023\/04\/IMG_0848-scaled.jpg\"><figure class=\"swiper-slide-inner\"><img decoding=\"async\" class=\"swiper-slide-image\" src=\"https:\/\/derosetrindade.com.br\/wp-content\/uploads\/2023\/04\/IMG_0848-scaled.jpg\" alt=\"fachada derose trindade\" \/><\/figure><\/a><\/div><div class=\"swiper-slide\" role=\"group\" aria-roledescription=\"slide\" aria-label=\"2 de 10\"><a data-elementor-open-lightbox=\"yes\" data-elementor-lightbox-slideshow=\"7d5a00d\" data-elementor-lightbox-title=\"IMG_1079\" data-e-action-hash=\"#elementor-action%3Aaction%3Dlightbox%26settings%3DeyJpZCI6MjgxNCwidXJsIjoiaHR0cHM6XC9cL2Rlcm9zZXRyaW5kYWRlLmNvbS5iclwvd3AtY29udGVudFwvdXBsb2Fkc1wvMjAyM1wvMDRcL0lNR18xMDc5LXNjYWxlZC5qcGciLCJzbGlkZXNob3ciOiI3ZDVhMDBkIn0%3D\" href=\"https:\/\/derosetrindade.com.br\/wp-content\/uploads\/2023\/04\/IMG_1079-scaled.jpg\"><figure class=\"swiper-slide-inner\"><img decoding=\"async\" class=\"swiper-slide-image\" src=\"https:\/\/derosetrindade.com.br\/wp-content\/uploads\/2023\/04\/IMG_1079-scaled.jpg\" alt=\"IMG_1079\" \/><\/figure><\/a><\/div><div class=\"swiper-slide\" role=\"group\" aria-roledescription=\"slide\" aria-label=\"3 de 10\"><a data-elementor-open-lightbox=\"yes\" data-elementor-lightbox-slideshow=\"7d5a00d\" data-elementor-lightbox-title=\"IMG_0949\" data-e-action-hash=\"#elementor-action%3Aaction%3Dlightbox%26settings%3DeyJpZCI6MjgwNiwidXJsIjoiaHR0cHM6XC9cL2Rlcm9zZXRyaW5kYWRlLmNvbS5iclwvd3AtY29udGVudFwvdXBsb2Fkc1wvMjAyM1wvMDRcL0lNR18wOTQ5LXNjYWxlZC5qcGciLCJzbGlkZXNob3ciOiI3ZDVhMDBkIn0%3D\" href=\"https:\/\/derosetrindade.com.br\/wp-content\/uploads\/2023\/04\/IMG_0949-scaled.jpg\"><figure class=\"swiper-slide-inner\"><img decoding=\"async\" class=\"swiper-slide-image\" src=\"https:\/\/derosetrindade.com.br\/wp-content\/uploads\/2023\/04\/IMG_0949-scaled.jpg\" alt=\"IMG_0949\" \/><\/figure><\/a><\/div><div class=\"swiper-slide\" role=\"group\" aria-roledescription=\"slide\" aria-label=\"4 de 10\"><a data-elementor-open-lightbox=\"yes\" data-elementor-lightbox-slideshow=\"7d5a00d\" data-elementor-lightbox-title=\"IMG_0769\" data-e-action-hash=\"#elementor-action%3Aaction%3Dlightbox%26settings%3DeyJpZCI6MjgwNywidXJsIjoiaHR0cHM6XC9cL2Rlcm9zZXRyaW5kYWRlLmNvbS5iclwvd3AtY29udGVudFwvdXBsb2Fkc1wvMjAyM1wvMDRcL0lNR18wNzY5LXNjYWxlZC5qcGciLCJzbGlkZXNob3ciOiI3ZDVhMDBkIn0%3D\" href=\"https:\/\/derosetrindade.com.br\/wp-content\/uploads\/2023\/04\/IMG_0769-scaled.jpg\"><figure class=\"swiper-slide-inner\"><img decoding=\"async\" class=\"swiper-slide-image\" src=\"https:\/\/derosetrindade.com.br\/wp-content\/uploads\/2023\/04\/IMG_0769-scaled.jpg\" alt=\"IMG_0769\" \/><\/figure><\/a><\/div><div class=\"swiper-slide\" role=\"group\" aria-roledescription=\"slide\" aria-label=\"5 de 10\"><a data-elementor-open-lightbox=\"yes\" data-elementor-lightbox-slideshow=\"7d5a00d\" data-elementor-lightbox-title=\"IMG_2559\" data-e-action-hash=\"#elementor-action%3Aaction%3Dlightbox%26settings%3DeyJpZCI6MjgxNSwidXJsIjoiaHR0cHM6XC9cL2Rlcm9zZXRyaW5kYWRlLmNvbS5iclwvd3AtY29udGVudFwvdXBsb2Fkc1wvMjAyM1wvMDRcL0lNR18yNTU5LXNjYWxlZC5qcGciLCJzbGlkZXNob3ciOiI3ZDVhMDBkIn0%3D\" href=\"https:\/\/derosetrindade.com.br\/wp-content\/uploads\/2023\/04\/IMG_2559-scaled.jpg\"><figure class=\"swiper-slide-inner\"><img decoding=\"async\" class=\"swiper-slide-image\" src=\"https:\/\/derosetrindade.com.br\/wp-content\/uploads\/2023\/04\/IMG_2559-scaled.jpg\" alt=\"IMG_2559\" \/><\/figure><\/a><\/div><div class=\"swiper-slide\" role=\"group\" aria-roledescription=\"slide\" aria-label=\"6 de 10\"><a data-elementor-open-lightbox=\"yes\" data-elementor-lightbox-slideshow=\"7d5a00d\" data-elementor-lightbox-title=\"IMG_0793\" data-e-action-hash=\"#elementor-action%3Aaction%3Dlightbox%26settings%3DeyJpZCI6MjgwOCwidXJsIjoiaHR0cHM6XC9cL2Rlcm9zZXRyaW5kYWRlLmNvbS5iclwvd3AtY29udGVudFwvdXBsb2Fkc1wvMjAyM1wvMDRcL0lNR18wNzkzLXNjYWxlZC5qcGciLCJzbGlkZXNob3ciOiI3ZDVhMDBkIn0%3D\" href=\"https:\/\/derosetrindade.com.br\/wp-content\/uploads\/2023\/04\/IMG_0793-scaled.jpg\"><figure class=\"swiper-slide-inner\"><img decoding=\"async\" class=\"swiper-slide-image\" src=\"https:\/\/derosetrindade.com.br\/wp-content\/uploads\/2023\/04\/IMG_0793-scaled.jpg\" alt=\"IMG_0793\" \/><\/figure><\/a><\/div><div class=\"swiper-slide\" role=\"group\" aria-roledescription=\"slide\" aria-label=\"7 de 10\"><a data-elementor-open-lightbox=\"yes\" data-elementor-lightbox-slideshow=\"7d5a00d\" data-elementor-lightbox-title=\"IMG_1455\" data-e-action-hash=\"#elementor-action%3Aaction%3Dlightbox%26settings%3DeyJpZCI6MjgxMSwidXJsIjoiaHR0cHM6XC9cL2Rlcm9zZXRyaW5kYWRlLmNvbS5iclwvd3AtY29udGVudFwvdXBsb2Fkc1wvMjAyM1wvMDRcL0lNR18xNDU1LXNjYWxlZC5qcGciLCJzbGlkZXNob3ciOiI3ZDVhMDBkIn0%3D\" href=\"https:\/\/derosetrindade.com.br\/wp-content\/uploads\/2023\/04\/IMG_1455-scaled.jpg\"><figure class=\"swiper-slide-inner\"><img decoding=\"async\" class=\"swiper-slide-image\" src=\"https:\/\/derosetrindade.com.br\/wp-content\/uploads\/2023\/04\/IMG_1455-scaled.jpg\" alt=\"IMG_1455\" \/><\/figure><\/a><\/div><div class=\"swiper-slide\" role=\"group\" aria-roledescription=\"slide\" aria-label=\"8 de 10\"><a data-elementor-open-lightbox=\"yes\" data-elementor-lightbox-slideshow=\"7d5a00d\" data-elementor-lightbox-title=\"IMG_1446\" data-e-action-hash=\"#elementor-action%3Aaction%3Dlightbox%26settings%3DeyJpZCI6MjgxMiwidXJsIjoiaHR0cHM6XC9cL2Rlcm9zZXRyaW5kYWRlLmNvbS5iclwvd3AtY29udGVudFwvdXBsb2Fkc1wvMjAyM1wvMDRcL0lNR18xNDQ2LXNjYWxlZC5qcGciLCJzbGlkZXNob3ciOiI3ZDVhMDBkIn0%3D\" href=\"https:\/\/derosetrindade.com.br\/wp-content\/uploads\/2023\/04\/IMG_1446-scaled.jpg\"><figure class=\"swiper-slide-inner\"><img decoding=\"async\" class=\"swiper-slide-image\" src=\"https:\/\/derosetrindade.com.br\/wp-content\/uploads\/2023\/04\/IMG_1446-scaled.jpg\" alt=\"IMG_1446\" \/><\/figure><\/a><\/div><div class=\"swiper-slide\" role=\"group\" aria-roledescription=\"slide\" aria-label=\"9 de 10\"><a data-elementor-open-lightbox=\"yes\" data-elementor-lightbox-slideshow=\"7d5a00d\" data-elementor-lightbox-title=\"IMG_1403\" data-e-action-hash=\"#elementor-action%3Aaction%3Dlightbox%26settings%3DeyJpZCI6MjgxMywidXJsIjoiaHR0cHM6XC9cL2Rlcm9zZXRyaW5kYWRlLmNvbS5iclwvd3AtY29udGVudFwvdXBsb2Fkc1wvMjAyM1wvMDRcL0lNR18xNDAzLXNjYWxlZC5qcGciLCJzbGlkZXNob3ciOiI3ZDVhMDBkIn0%3D\" href=\"https:\/\/derosetrindade.com.br\/wp-content\/uploads\/2023\/04\/IMG_1403-scaled.jpg\"><figure class=\"swiper-slide-inner\"><img decoding=\"async\" class=\"swiper-slide-image\" src=\"https:\/\/derosetrindade.com.br\/wp-content\/uploads\/2023\/04\/IMG_1403-scaled.jpg\" alt=\"IMG_1403\" \/><\/figure><\/a><\/div><div class=\"swiper-slide\" role=\"group\" aria-roledescription=\"slide\" aria-label=\"10 de 10\"><a data-elementor-open-lightbox=\"yes\" data-elementor-lightbox-slideshow=\"7d5a00d\" data-elementor-lightbox-title=\"IMG_0778\" data-e-action-hash=\"#elementor-action%3Aaction%3Dlightbox%26settings%3DeyJpZCI6MjgwOSwidXJsIjoiaHR0cHM6XC9cL2Rlcm9zZXRyaW5kYWRlLmNvbS5iclwvd3AtY29udGVudFwvdXBsb2Fkc1wvMjAyM1wvMDRcL0lNR18wNzc4LXNjYWxlZC5qcGciLCJzbGlkZXNob3ciOiI3ZDVhMDBkIn0%3D\" href=\"https:\/\/derosetrindade.com.br\/wp-content\/uploads\/2023\/04\/IMG_0778-scaled.jpg\"><figure class=\"swiper-slide-inner\"><img decoding=\"async\" class=\"swiper-slide-image\" src=\"https:\/\/derosetrindade.com.br\/wp-content\/uploads\/2023\/04\/IMG_0778-scaled.jpg\" alt=\"IMG_0778\" \/><\/figure><\/a><\/div>\t\t\t<\/div>\n\t\t\t\t\t\t\t\t\t\t\t\t<div class=\"elementor-swiper-button elementor-swiper-button-prev\" role=\"button\" tabindex=\"0\">\n\t\t\t\t\t\t<i aria-hidden=\"true\" class=\"eicon-chevron-left\"><\/i>\t\t\t\t\t<\/div>\n\t\t\t\t\t<div class=\"elementor-swiper-button elementor-swiper-button-next\" role=\"button\" tabindex=\"0\">\n\t\t\t\t\t\t<i aria-hidden=\"true\" class=\"eicon-chevron-right\"><\/i>\t\t\t\t\t<\/div>\n\t\t\t\t\n\t\t\t\t\t\t\t\t\t<div class=\"swiper-pagination\"><\/div>\n\t\t\t\t\t\t\t\t\t<\/div>\n\t\t\t\t\t\t<\/div>\n\t\t\t\t<\/div>\n\t\t\t\t\t<\/div>\n\t\t<\/div>\n\t\t\t\t\t<\/div>\n\t\t<\/section>\n\t\t\t\t<\/div>","protected":false},"excerpt":{"rendered":"<p>Nossa escola H\u00e1 mais de 20 anos nosso prop\u00f3sito \u00e9 facilitar o desenvolvimento pessoal e a felicidade em pessoas que desejam o amplo sucesso na vida, atrav\u00e9s de ferramentas poderosas para ativar o corpo, o cora\u00e7\u00e3o e a mente de nossos alunos, sempre preservando um clima descontra\u00eddo e acolhedor. Cultivamos um ambiente onde voc\u00ea poder\u00e1 [&hellip;]<\/p>\n","protected":false},"author":1,"featured_media":0,"parent":0,"menu_order":0,"comment_status":"closed","ping_status":"closed","template":"","meta":{"footnotes":""},"class_list":["post-2298","page","type-page","status-publish","hentry"],"_links":{"self":[{"href":"https:\/\/derosetrindade.com.br\/en\/wp-json\/wp\/v2\/pages\/2298","targetHints":{"allow":["GET"]}}],"collection":[{"href":"https:\/\/derosetrindade.com.br\/en\/wp-json\/wp\/v2\/pages"}],"about":[{"href":"https:\/\/derosetrindade.com.br\/en\/wp-json\/wp\/v2\/types\/page"}],"author":[{"embeddable":true,"href":"https:\/\/derosetrindade.com.br\/en\/wp-json\/wp\/v2\/users\/1"}],"replies":[{"embeddable":true,"href":"https:\/\/derosetrindade.com.br\/en\/wp-json\/wp\/v2\/comments?post=2298"}],"version-history":[{"count":34,"href":"https:\/\/derosetrindade.com.br\/en\/wp-json\/wp\/v2\/pages\/2298\/revisions"}],"predecessor-version":[{"id":2961,"href":"https:\/\/derosetrindade.com.br\/en\/wp-json\/wp\/v2\/pages\/2298\/revisions\/2961"}],"wp:attachment":[{"href":"https:\/\/derosetrindade.com.br\/en\/wp-json\/wp\/v2\/media?parent=2298"}],"curies":[{"name":"wp","href":"https:\/\/api.w.org\/{rel}","templated":true}]}}