{"id":2300,"date":"2022-05-04T16:01:57","date_gmt":"2022-05-04T19:01:57","guid":{"rendered":"https:\/\/escolas.derosemeditation.com\/?page_id=2300"},"modified":"2023-10-17T00:35:27","modified_gmt":"2023-10-17T03:35:27","slug":"nossa-equipe","status":"publish","type":"page","link":"https:\/\/derosetrindade.com.br\/en\/nossa-equipe\/","title":{"rendered":"Nossa Equipe"},"content":{"rendered":"<div data-elementor-type=\"wp-page\" data-elementor-id=\"2300\" class=\"elementor elementor-2300\">\n\t\t\t\t\t\t<section class=\"elementor-section elementor-top-section elementor-element elementor-element-37acd54 elementor-section-height-min-height elementor-section-boxed elementor-section-height-default elementor-section-items-middle\" data-id=\"37acd54\" data-element_type=\"section\" data-e-type=\"section\" data-settings=\"{&quot;background_background&quot;:&quot;classic&quot;}\">\n\t\t\t\t\t\t\t<div class=\"elementor-background-overlay\"><\/div>\n\t\t\t\t\t\t\t<div class=\"elementor-container elementor-column-gap-no\">\n\t\t\t\t\t<div class=\"elementor-column elementor-col-100 elementor-top-column elementor-element elementor-element-2793d75\" data-id=\"2793d75\" data-element_type=\"column\" data-e-type=\"column\">\n\t\t\t<div class=\"elementor-widget-wrap elementor-element-populated\">\n\t\t\t\t\t\t<div class=\"elementor-element elementor-element-9efe351 elementor-widget elementor-widget-heading\" data-id=\"9efe351\" data-element_type=\"widget\" data-e-type=\"widget\" data-widget_type=\"heading.default\">\n\t\t\t\t<div class=\"elementor-widget-container\">\n\t\t\t\t\t<h1 class=\"elementor-heading-title elementor-size-default\">Nossos instrutores<\/h1>\t\t\t\t<\/div>\n\t\t\t\t<\/div>\n\t\t\t\t\t<\/div>\n\t\t<\/div>\n\t\t\t\t\t<\/div>\n\t\t<\/section>\n\t\t\t\t<section class=\"elementor-section elementor-top-section elementor-element elementor-element-e75fcdd elementor-section-boxed elementor-section-height-default elementor-section-height-default\" data-id=\"e75fcdd\" data-element_type=\"section\" data-e-type=\"section\">\n\t\t\t\t\t\t<div class=\"elementor-container elementor-column-gap-default\">\n\t\t\t\t\t<div class=\"elementor-column elementor-col-50 elementor-top-column elementor-element elementor-element-3c55c2b\" data-id=\"3c55c2b\" data-element_type=\"column\" data-e-type=\"column\" data-settings=\"{&quot;background_background&quot;:&quot;classic&quot;}\">\n\t\t\t<div class=\"elementor-widget-wrap elementor-element-populated\">\n\t\t\t\t\t\t<div class=\"elementor-element elementor-element-5009db1 elementor-widget elementor-widget-image\" data-id=\"5009db1\" data-element_type=\"widget\" data-e-type=\"widget\" data-widget_type=\"image.default\">\n\t\t\t\t<div class=\"elementor-widget-container\">\n\t\t\t\t\t\t\t\t\t\t\t\t\t\t\t<img fetchpriority=\"high\" decoding=\"async\" width=\"1707\" height=\"2560\" src=\"https:\/\/derosetrindade.com.br\/wp-content\/uploads\/2023\/10\/IMG_0785-scaled.jpg\" class=\"attachment-full size-full wp-image-3287\" alt=\"Helton Santana - DeRose Trindade Florian\u00f3polis\" srcset=\"https:\/\/derosetrindade.com.br\/wp-content\/uploads\/2023\/10\/IMG_0785-scaled.jpg 1707w, https:\/\/derosetrindade.com.br\/wp-content\/uploads\/2023\/10\/IMG_0785-200x300.jpg 200w, https:\/\/derosetrindade.com.br\/wp-content\/uploads\/2023\/10\/IMG_0785-683x1024.jpg 683w, https:\/\/derosetrindade.com.br\/wp-content\/uploads\/2023\/10\/IMG_0785-768x1152.jpg 768w, https:\/\/derosetrindade.com.br\/wp-content\/uploads\/2023\/10\/IMG_0785-1024x1536.jpg 1024w, https:\/\/derosetrindade.com.br\/wp-content\/uploads\/2023\/10\/IMG_0785-1365x2048.jpg 1365w, https:\/\/derosetrindade.com.br\/wp-content\/uploads\/2023\/10\/IMG_0785-8x12.jpg 8w\" sizes=\"(max-width: 1707px) 100vw, 1707px\" \/>\t\t\t\t\t\t\t\t\t\t\t\t\t\t\t<\/div>\n\t\t\t\t<\/div>\n\t\t\t\t<div class=\"elementor-element elementor-element-3b69aca elementor-widget elementor-widget-spacer\" data-id=\"3b69aca\" data-element_type=\"widget\" data-e-type=\"widget\" data-widget_type=\"spacer.default\">\n\t\t\t\t<div class=\"elementor-widget-container\">\n\t\t\t\t\t\t\t<div class=\"elementor-spacer\">\n\t\t\t<div class=\"elementor-spacer-inner\"><\/div>\n\t\t<\/div>\n\t\t\t\t\t\t<\/div>\n\t\t\t\t<\/div>\n\t\t\t\t<div class=\"elementor-element elementor-element-16040cf elementor-widget elementor-widget-heading\" data-id=\"16040cf\" data-element_type=\"widget\" data-e-type=\"widget\" data-widget_type=\"heading.default\">\n\t\t\t\t<div class=\"elementor-widget-container\">\n\t\t\t\t\t<h3 class=\"elementor-heading-title elementor-size-default\">Helton Santana<\/h3>\t\t\t\t<\/div>\n\t\t\t\t<\/div>\n\t\t\t\t<div class=\"elementor-element elementor-element-8a35ad6 elementor-widget elementor-widget-text-editor\" data-id=\"8a35ad6\" data-element_type=\"widget\" data-e-type=\"widget\" data-widget_type=\"text-editor.default\">\n\t\t\t\t<div class=\"elementor-widget-container\">\n\t\t\t\t\t\t\t\t\t<p>Nosso Diretor \u00e9 l\u00edder de si mesmo e por isso nos inspira. Estuda o DeRose Method desde 2003, facilitou a qualidade de vida de milhares de alunos nesses 20 anos, tem literalmente mais de uma centena de cursos na \u00e1rea de desenvolvimento pessoal, Administrador de Empresas pela Univille com MBA em&nbsp; gest\u00e3o e lideran\u00e7a pelo Ipog. Pai do Caetano e parceiro afetivo da R\u00f4, tem o superpoder de ensinar conhecimentos profundamente transformadores de forma leve e descontra\u00edda.<\/p>\t\t\t\t\t\t\t\t<\/div>\n\t\t\t\t<\/div>\n\t\t\t\t<div class=\"elementor-element elementor-element-8749ec3 elementor-shape-rounded elementor-grid-0 e-grid-align-center elementor-widget elementor-widget-social-icons\" data-id=\"8749ec3\" data-element_type=\"widget\" data-e-type=\"widget\" data-widget_type=\"social-icons.default\">\n\t\t\t\t<div class=\"elementor-widget-container\">\n\t\t\t\t\t\t\t<div class=\"elementor-social-icons-wrapper elementor-grid\" role=\"list\">\n\t\t\t\t\t\t\t<span class=\"elementor-grid-item\" role=\"listitem\">\n\t\t\t\t\t<a class=\"elementor-icon elementor-social-icon elementor-social-icon-instagram elementor-repeater-item-225e509\" href=\"https:\/\/www.instagram.com\/heltondesantana\/\" target=\"_blank\">\n\t\t\t\t\t\t<span class=\"elementor-screen-only\">Instagram<\/span>\n\t\t\t\t\t\t<i aria-hidden=\"true\" class=\"fab fa-instagram\"><\/i>\t\t\t\t\t<\/a>\n\t\t\t\t<\/span>\n\t\t\t\t\t\t\t<span class=\"elementor-grid-item\" role=\"listitem\">\n\t\t\t\t\t<a class=\"elementor-icon elementor-social-icon elementor-social-icon-linkedin-in elementor-repeater-item-8909a19\" href=\"https:\/\/www.linkedin.com\/in\/helton-de-santana-life-consultant\/\" target=\"_blank\">\n\t\t\t\t\t\t<span class=\"elementor-screen-only\">Linkedin-in<\/span>\n\t\t\t\t\t\t<i aria-hidden=\"true\" class=\"fab fa-linkedin-in\"><\/i>\t\t\t\t\t<\/a>\n\t\t\t\t<\/span>\n\t\t\t\t\t<\/div>\n\t\t\t\t\t\t<\/div>\n\t\t\t\t<\/div>\n\t\t\t\t<div class=\"elementor-element elementor-element-5dde48a elementor-align-center elementor-icon-list--layout-traditional elementor-list-item-link-full_width elementor-widget elementor-widget-icon-list\" data-id=\"5dde48a\" data-element_type=\"widget\" data-e-type=\"widget\" data-widget_type=\"icon-list.default\">\n\t\t\t\t<div class=\"elementor-widget-container\">\n\t\t\t\t\t\t\t<ul class=\"elementor-icon-list-items\">\n\t\t\t\t\t\t\t<li class=\"elementor-icon-list-item\">\n\t\t\t\t\t\t\t\t\t\t\t<span class=\"elementor-icon-list-icon\">\n\t\t\t\t\t\t\t<i aria-hidden=\"true\" class=\"far fa-envelope\"><\/i>\t\t\t\t\t\t<\/span>\n\t\t\t\t\t\t\t\t\t\t<span class=\"elementor-icon-list-text\">helton.santana@derosemethod.org<\/span>\n\t\t\t\t\t\t\t\t\t<\/li>\n\t\t\t\t\t\t<\/ul>\n\t\t\t\t\t\t<\/div>\n\t\t\t\t<\/div>\n\t\t\t\t\t<\/div>\n\t\t<\/div>\n\t\t\t\t<div class=\"elementor-column elementor-col-50 elementor-top-column elementor-element elementor-element-d97c481\" data-id=\"d97c481\" data-element_type=\"column\" data-e-type=\"column\" data-settings=\"{&quot;background_background&quot;:&quot;classic&quot;}\">\n\t\t\t<div class=\"elementor-widget-wrap elementor-element-populated\">\n\t\t\t\t\t\t<div class=\"elementor-element elementor-element-37e358b elementor-widget elementor-widget-image\" data-id=\"37e358b\" data-element_type=\"widget\" data-e-type=\"widget\" data-widget_type=\"image.default\">\n\t\t\t\t<div class=\"elementor-widget-container\">\n\t\t\t\t\t\t\t\t\t\t\t\t\t\t\t<img decoding=\"async\" width=\"1669\" height=\"1952\" src=\"https:\/\/derosetrindade.com.br\/wp-content\/uploads\/2023\/04\/IMG_1241-scaled-e1697513621166.jpg\" class=\"attachment-full size-full wp-image-3032\" alt=\"Imagem do Fabio\" srcset=\"https:\/\/derosetrindade.com.br\/wp-content\/uploads\/2023\/04\/IMG_1241-scaled-e1697513621166.jpg 1669w, https:\/\/derosetrindade.com.br\/wp-content\/uploads\/2023\/04\/IMG_1241-scaled-e1697513621166-257x300.jpg 257w, https:\/\/derosetrindade.com.br\/wp-content\/uploads\/2023\/04\/IMG_1241-scaled-e1697513621166-876x1024.jpg 876w, https:\/\/derosetrindade.com.br\/wp-content\/uploads\/2023\/04\/IMG_1241-scaled-e1697513621166-768x898.jpg 768w, https:\/\/derosetrindade.com.br\/wp-content\/uploads\/2023\/04\/IMG_1241-scaled-e1697513621166-1313x1536.jpg 1313w, https:\/\/derosetrindade.com.br\/wp-content\/uploads\/2023\/04\/IMG_1241-scaled-e1697513621166-10x12.jpg 10w\" sizes=\"(max-width: 1669px) 100vw, 1669px\" \/>\t\t\t\t\t\t\t\t\t\t\t\t\t\t\t<\/div>\n\t\t\t\t<\/div>\n\t\t\t\t<div class=\"elementor-element elementor-element-70b199f elementor-widget elementor-widget-heading\" data-id=\"70b199f\" data-element_type=\"widget\" data-e-type=\"widget\" data-widget_type=\"heading.default\">\n\t\t\t\t<div class=\"elementor-widget-container\">\n\t\t\t\t\t<h3 class=\"elementor-heading-title elementor-size-default\">F\u00e1bio Santana<\/h3>\t\t\t\t<\/div>\n\t\t\t\t<\/div>\n\t\t\t\t<div class=\"elementor-element elementor-element-4be9a50 elementor-widget elementor-widget-text-editor\" data-id=\"4be9a50\" data-element_type=\"widget\" data-e-type=\"widget\" data-widget_type=\"text-editor.default\">\n\t\t\t\t<div class=\"elementor-widget-container\">\n\t\t\t\t\t\t\t\t\t<p>Encontrou o DeRose Method em 2005 e n\u00e3o parou mais de aprender e ensinar. S\u00e3o 18 anos transmitindo a cultura que o incentiva a ter muita sa\u00fade de m\u00e3os dadas com o autoconhecimento. Formado pelo\u00a0 Cesusc hoje j\u00e1 soma mais de cem cursos na sua \u00e1rea profissional. Seu trabalho alcan\u00e7ou grandes empresas como o Banco do Brasil, Stone e Receita Federal. Mentora atletas de alta performance, executivos c-level e empres\u00e1rios. Surfista de cora\u00e7\u00e3o, casado com a Diana e motivado a ensinar enquanto durar, o F\u00e1bio nasceu pra ser professor e est\u00e1 preparado para lhe ajudar a aumentar sua intelig\u00eancia emocional e a tornar sua vida mais alinhada a quem voc\u00ea realmente \u00e9.\u00a0\u00a0<\/p>\t\t\t\t\t\t\t\t<\/div>\n\t\t\t\t<\/div>\n\t\t\t\t<div class=\"elementor-element elementor-element-030c9a7 elementor-shape-rounded elementor-grid-0 e-grid-align-center elementor-widget elementor-widget-social-icons\" data-id=\"030c9a7\" data-element_type=\"widget\" data-e-type=\"widget\" data-widget_type=\"social-icons.default\">\n\t\t\t\t<div class=\"elementor-widget-container\">\n\t\t\t\t\t\t\t<div class=\"elementor-social-icons-wrapper elementor-grid\" role=\"list\">\n\t\t\t\t\t\t\t<span class=\"elementor-grid-item\" role=\"listitem\">\n\t\t\t\t\t<a class=\"elementor-icon elementor-social-icon elementor-social-icon-instagram elementor-repeater-item-225e509\" href=\"https:\/\/www.instagram.com\/__fabiosantana__\/\" target=\"_blank\">\n\t\t\t\t\t\t<span class=\"elementor-screen-only\">Instagram<\/span>\n\t\t\t\t\t\t<i aria-hidden=\"true\" class=\"fab fa-instagram\"><\/i>\t\t\t\t\t<\/a>\n\t\t\t\t<\/span>\n\t\t\t\t\t\t\t<span class=\"elementor-grid-item\" role=\"listitem\">\n\t\t\t\t\t<a class=\"elementor-icon elementor-social-icon elementor-social-icon-linkedin-in elementor-repeater-item-8909a19\" href=\"https:\/\/www.linkedin.com\/in\/f%C3%A1bio-santana-3b33a8249\/\" target=\"_blank\">\n\t\t\t\t\t\t<span class=\"elementor-screen-only\">Linkedin-in<\/span>\n\t\t\t\t\t\t<i aria-hidden=\"true\" class=\"fab fa-linkedin-in\"><\/i>\t\t\t\t\t<\/a>\n\t\t\t\t<\/span>\n\t\t\t\t\t<\/div>\n\t\t\t\t\t\t<\/div>\n\t\t\t\t<\/div>\n\t\t\t\t<div class=\"elementor-element elementor-element-74ff387 elementor-align-center elementor-icon-list--layout-traditional elementor-list-item-link-full_width elementor-widget elementor-widget-icon-list\" data-id=\"74ff387\" data-element_type=\"widget\" data-e-type=\"widget\" data-widget_type=\"icon-list.default\">\n\t\t\t\t<div class=\"elementor-widget-container\">\n\t\t\t\t\t\t\t<ul class=\"elementor-icon-list-items\">\n\t\t\t\t\t\t\t<li class=\"elementor-icon-list-item\">\n\t\t\t\t\t\t\t\t\t\t\t<span class=\"elementor-icon-list-icon\">\n\t\t\t\t\t\t\t<i aria-hidden=\"true\" class=\"far fa-envelope\"><\/i>\t\t\t\t\t\t<\/span>\n\t\t\t\t\t\t\t\t\t\t<span class=\"elementor-icon-list-text\">fabio.santana@derosemethod.org<\/span>\n\t\t\t\t\t\t\t\t\t<\/li>\n\t\t\t\t\t\t<\/ul>\n\t\t\t\t\t\t<\/div>\n\t\t\t\t<\/div>\n\t\t\t\t\t<\/div>\n\t\t<\/div>\n\t\t\t\t\t<\/div>\n\t\t<\/section>\n\t\t\t\t<\/div>","protected":false},"excerpt":{"rendered":"<p>Nossos instrutores Helton Santana Nosso Diretor \u00e9 l\u00edder de si mesmo e por isso nos inspira. Estuda o DeRose Method desde 2003, facilitou a qualidade de vida de milhares de alunos nesses 20 anos, tem literalmente mais de uma centena de cursos na \u00e1rea de desenvolvimento pessoal, Administrador de Empresas pela Univille com MBA em&nbsp; [&hellip;]<\/p>\n","protected":false},"author":1,"featured_media":0,"parent":0,"menu_order":0,"comment_status":"closed","ping_status":"closed","template":"","meta":{"footnotes":""},"class_list":["post-2300","page","type-page","status-publish","hentry"],"_links":{"self":[{"href":"https:\/\/derosetrindade.com.br\/en\/wp-json\/wp\/v2\/pages\/2300","targetHints":{"allow":["GET"]}}],"collection":[{"href":"https:\/\/derosetrindade.com.br\/en\/wp-json\/wp\/v2\/pages"}],"about":[{"href":"https:\/\/derosetrindade.com.br\/en\/wp-json\/wp\/v2\/types\/page"}],"author":[{"embeddable":true,"href":"https:\/\/derosetrindade.com.br\/en\/wp-json\/wp\/v2\/users\/1"}],"replies":[{"embeddable":true,"href":"https:\/\/derosetrindade.com.br\/en\/wp-json\/wp\/v2\/comments?post=2300"}],"version-history":[{"count":28,"href":"https:\/\/derosetrindade.com.br\/en\/wp-json\/wp\/v2\/pages\/2300\/revisions"}],"predecessor-version":[{"id":3294,"href":"https:\/\/derosetrindade.com.br\/en\/wp-json\/wp\/v2\/pages\/2300\/revisions\/3294"}],"wp:attachment":[{"href":"https:\/\/derosetrindade.com.br\/en\/wp-json\/wp\/v2\/media?parent=2300"}],"curies":[{"name":"wp","href":"https:\/\/api.w.org\/{rel}","templated":true}]}}